{"id":126,"date":"2022-02-23T17:37:38","date_gmt":"2022-02-23T17:37:38","guid":{"rendered":"https:\/\/www.kratz-immo.de\/?page_id=126"},"modified":"2022-04-07T19:07:26","modified_gmt":"2022-04-07T19:07:26","slug":"bestand","status":"publish","type":"page","link":"https:\/\/www.kratz-immo.de\/en\/bestand","title":{"rendered":"real estate portfolio"},"content":{"rendered":"<p>[et_pb_section fb_built=&#8220;1&#8243; _builder_version=&#8220;4.16&#8243; _module_preset=&#8220;default&#8220; custom_padding=&#8220;8px|||||&#8220; global_colors_info=&#8220;{}&#8220;][et_pb_row _builder_version=&#8220;4.16&#8243; _module_preset=&#8220;default&#8220; global_colors_info=&#8220;{}&#8220;][et_pb_column type=&#8220;4_4&#8243; _builder_version=&#8220;4.16&#8243; _module_preset=&#8220;default&#8220; global_colors_info=&#8220;{}&#8220;][et_pb_image src=&#8220;https:\/\/www.kratz-immo.de\/wp-content\/uploads\/2022\/03\/KRI-ABS2Glas1neu.jpg&#8220; title_text=&#8220;KRI ABS2Glas1neu&#8220; align=&#8220;center&#8220; admin_label=&#8220;Bild Bestand&#8220; _builder_version=&#8220;4.16&#8243; _module_preset=&#8220;default&#8220; global_colors_info=&#8220;{}&#8220;][\/et_pb_image][\/et_pb_column][\/et_pb_row][et_pb_row _builder_version=&#8220;4.16&#8243; _module_preset=&#8220;default&#8220; custom_padding=&#8220;||5px|||&#8220; global_colors_info=&#8220;{}&#8220;][et_pb_column type=&#8220;4_4&#8243; _builder_version=&#8220;4.16&#8243; _module_preset=&#8220;default&#8220; global_colors_info=&#8220;{}&#8220;][et_pb_text admin_label=&#8220;Headline Bestand&#8220; _builder_version=&#8220;4.16.0&#8243; _module_preset=&#8220;default&#8220; header_letter_spacing=&#8220;3px&#8220; header_font_size_tablet=&#8220;&#8220; header_font_size_phone=&#8220;22px&#8220; header_font_size_last_edited=&#8220;on|phone&#8220; global_colors_info=&#8220;{}&#8220;]<\/p>\n<h1 style=\"text-align: center;\">Bestandsobjekte<\/h1>\n<p>[\/et_pb_text][\/et_pb_column][\/et_pb_row][et_pb_row _builder_version=&#8220;4.16&#8243; _module_preset=&#8220;default&#8220; global_colors_info=&#8220;{}&#8220;][et_pb_column type=&#8220;4_4&#8243; _builder_version=&#8220;4.16&#8243; _module_preset=&#8220;default&#8220; global_colors_info=&#8220;{}&#8220;][et_pb_text admin_label=&#8220;Text Bestand&#8220; _builder_version=&#8220;4.16.0&#8243; _module_preset=&#8220;default&#8220; text_font=&#8220;|300|||||||&#8220; text_font_size=&#8220;16px&#8220; text_letter_spacing=&#8220;1px&#8220; text_orientation=&#8220;center&#8220; custom_margin=&#8220;-8px|||||&#8220; custom_padding=&#8220;|20%||20%|false|true&#8220; custom_padding_tablet=&#8220;|20%||20%|false|true&#8220; custom_padding_phone=&#8220;|5%||5%|false|true&#8220; custom_padding_last_edited=&#8220;on|phone&#8220; text_font_size_tablet=&#8220;16px&#8220; text_font_size_phone=&#8220;14px&#8220; text_font_size_last_edited=&#8220;on|phone&#8220; global_colors_info=&#8220;{}&#8220;]<\/p>\n<p style=\"text-align: center; white-space: pre-wrap;\"><span>Qualit\u00e4t, Langlebigkeit, Wertbest\u00e4ndigkeit. Viele unserer Bestandsimmobilien erhalten, entwickeln und verwalten wir seit 3 oder gar 4 Generationen. Mit gro\u00dfer Leidenschaft f\u00fcr H\u00e4user, die eine Geschichte erz\u00e4hlen. Handverlesene, attraktive Objekte mit \u00fcberdurchschnittlich guter Ausstattung in erstklassiger Lage. Massive Bauart, solides Fundament, umgeben von einer Infrastruktur, die mit ihren kurzen Wegen nach Komfort und echter Lebensqualit\u00e4t schmeckt.<\/span><\/p>\n<p>[\/et_pb_text][\/et_pb_column][\/et_pb_row][\/et_pb_section][et_pb_section fb_built=&#8220;1&#8243; admin_label=&#8220;Kachelset Startseite 2500&#215;2000&#8243; _builder_version=&#8220;4.16&#8243; _module_preset=&#8220;default&#8220; custom_padding=&#8220;8px||55px||false|false&#8220; global_colors_info=&#8220;{}&#8220;][et_pb_row column_structure=&#8220;1_2,1_2&#8243; use_custom_gutter=&#8220;on&#8220; gutter_width=&#8220;1&#8243; make_equal=&#8220;on&#8220; _builder_version=&#8220;4.16.0&#8243; _module_preset=&#8220;default&#8220; custom_margin=&#8220;||||false|false&#8220; custom_margin_tablet=&#8220;||||false|false&#8220; custom_margin_phone=&#8220;||||false|false&#8220; custom_margin_last_edited=&#8220;on|desktop&#8220; custom_padding=&#8220;17px||0px||false|false&#8220; global_colors_info=&#8220;{}&#8220;][et_pb_column type=&#8220;1_2&#8243; _builder_version=&#8220;4.16.0&#8243; _module_preset=&#8220;default&#8220; custom_padding=&#8220;|6px|||false|false&#8220; custom_padding_tablet=&#8220;|0px|6px||false|false&#8220; custom_padding_phone=&#8220;|0px|6px||false|false&#8220; custom_padding_last_edited=&#8220;on|tablet&#8220; global_colors_info=&#8220;{}&#8220;][dizo_image_hover image=&#8220;https:\/\/www.kratz-immo.de\/wp-content\/uploads\/2022\/03\/KRI-ABS2-72DPI-Bestand1.jpg&#8220; button_url_new_window=&#8220;1&#8243; overlay_bgcolor=&#8220;RGBA(255,255,255,0)&#8220; prefix_padding=&#8220;36%||||false|false&#8220; module_link_url_new_window=&#8220;1&#8243; image_height_bg_tablet=&#8220;&#8220; image_height_bg_phone=&#8220;&#8220; image_height_bg_last_edited=&#8220;on|phone&#8220; admin_label=&#8220;Kachel Bestand1&#8243; _builder_version=&#8220;4.16&#8243; _module_preset=&#8220;default&#8220; title_prefix_font=&#8220;Julius Sans One||||||||&#8220; title_prefix_text_color=&#8220;#ffffff&#8220; title_prefix_font_size=&#8220;40px&#8220; title_prefix_letter_spacing=&#8220;15px&#8220; module_alignment=&#8220;center&#8220; title_prefix_font_size_tablet=&#8220;40px&#8220; title_prefix_font_size_phone=&#8220;20px&#8220; title_prefix_font_size_last_edited=&#8220;on|phone&#8220; title_prefix_letter_spacing_tablet=&#8220;&#8220; title_prefix_letter_spacing_phone=&#8220;10px&#8220; title_prefix_letter_spacing_last_edited=&#8220;on|phone&#8220; global_colors_info=&#8220;{}&#8220;][\/dizo_image_hover][\/et_pb_column][et_pb_column type=&#8220;1_2&#8243; _builder_version=&#8220;4.16.0&#8243; _module_preset=&#8220;default&#8220; custom_padding=&#8220;|||6px|false|false&#8220; custom_padding_tablet=&#8220;6px|||0px|false|false&#8220; custom_padding_phone=&#8220;6px|||0px|false|false&#8220; custom_padding_last_edited=&#8220;on|tablet&#8220; global_colors_info=&#8220;{}&#8220;][dizo_image_hover image=&#8220;https:\/\/www.kratz-immo.de\/wp-content\/uploads\/2022\/03\/KRI-ABS2-72DPI-Bestand2b.jpg&#8220; button_url_new_window=&#8220;1&#8243; overlay_bgcolor=&#8220;RGBA(255,255,255,0)&#8220; prefix_padding=&#8220;36%||||false|false&#8220; module_link_url_new_window=&#8220;1&#8243; admin_label=&#8220;Kachel Bestand2&#8243; _builder_version=&#8220;4.16&#8243; _module_preset=&#8220;default&#8220; title_prefix_font=&#8220;Julius Sans One||||||||&#8220; title_prefix_text_color=&#8220;#ffffff&#8220; title_prefix_font_size=&#8220;40px&#8220; title_prefix_letter_spacing=&#8220;15px&#8220; custom_margin_tablet=&#8220;&#8220; custom_margin_phone=&#8220;||||false|false&#8220; custom_margin_last_edited=&#8220;on|tablet&#8220; title_prefix_font_size_tablet=&#8220;40px&#8220; title_prefix_font_size_phone=&#8220;20px&#8220; title_prefix_font_size_last_edited=&#8220;on|phone&#8220; title_prefix_letter_spacing_tablet=&#8220;&#8220; title_prefix_letter_spacing_phone=&#8220;10px&#8220; title_prefix_letter_spacing_last_edited=&#8220;on|phone&#8220; global_colors_info=&#8220;{}&#8220;][\/dizo_image_hover][\/et_pb_column][\/et_pb_row][et_pb_row column_structure=&#8220;1_2,1_2&#8243; use_custom_gutter=&#8220;on&#8220; gutter_width=&#8220;1&#8243; make_equal=&#8220;on&#8220; _builder_version=&#8220;4.16.0&#8243; _module_preset=&#8220;default&#8220; custom_padding=&#8220;12px||||false|false&#8220; global_colors_info=&#8220;{}&#8220;][et_pb_column type=&#8220;1_2&#8243; _builder_version=&#8220;4.16.0&#8243; _module_preset=&#8220;default&#8220; custom_padding=&#8220;|6px|||false|false&#8220; custom_padding_tablet=&#8220;|0px|6px||false|false&#8220; custom_padding_phone=&#8220;|0px|6px||false|false&#8220; custom_padding_last_edited=&#8220;on|tablet&#8220; global_colors_info=&#8220;{}&#8220;][dizo_image_hover image=&#8220;https:\/\/www.kratz-immo.de\/wp-content\/uploads\/2022\/03\/KRI-ABS2-72DPI-Bestand2.jpg&#8220; button_url_new_window=&#8220;1&#8243; overlay_bgcolor=&#8220;RGBA(255,255,255,0)&#8220; prefix_padding=&#8220;36%||||false|false&#8220; module_link_url_new_window=&#8220;1&#8243; image_height_bg_tablet=&#8220;&#8220; image_height_bg_phone=&#8220;&#8220; image_height_bg_last_edited=&#8220;on|phone&#8220; admin_label=&#8220;Kachel Bestand3&#8243; _builder_version=&#8220;4.16&#8243; _module_preset=&#8220;default&#8220; title_prefix_font=&#8220;Julius Sans One||||||||&#8220; title_prefix_text_color=&#8220;#ffffff&#8220; title_prefix_font_size=&#8220;40px&#8220; title_prefix_letter_spacing=&#8220;15px&#8220; module_alignment=&#8220;center&#8220; title_prefix_font_size_tablet=&#8220;40px&#8220; title_prefix_font_size_phone=&#8220;20px&#8220; title_prefix_font_size_last_edited=&#8220;on|desktop&#8220; title_prefix_letter_spacing_tablet=&#8220;&#8220; title_prefix_letter_spacing_phone=&#8220;10px&#8220; title_prefix_letter_spacing_last_edited=&#8220;on|phone&#8220; global_colors_info=&#8220;{}&#8220;][\/dizo_image_hover][\/et_pb_column][et_pb_column type=&#8220;1_2&#8243; _builder_version=&#8220;4.16.0&#8243; _module_preset=&#8220;default&#8220; custom_padding=&#8220;|||6px|false|false&#8220; custom_padding_tablet=&#8220;6px|||0px|false|false&#8220; custom_padding_phone=&#8220;6px|||0px|false|false&#8220; custom_padding_last_edited=&#8220;on|phone&#8220; global_colors_info=&#8220;{}&#8220;][dizo_image_hover image=&#8220;https:\/\/www.kratz-immo.de\/wp-content\/uploads\/2022\/03\/KRI-ABS2-72DPI-Bestand4.jpg&#8220; button_url_new_window=&#8220;1&#8243; overlay_bgcolor=&#8220;RGBA(255,255,255,0)&#8220; prefix_padding=&#8220;36%||||false|false&#8220; module_link_url_new_window=&#8220;1&#8243; admin_label=&#8220;Kachel Bestand4&#8243; _builder_version=&#8220;4.16&#8243; _module_preset=&#8220;default&#8220; title_prefix_font=&#8220;Julius Sans One||||||||&#8220; title_prefix_text_color=&#8220;#ffffff&#8220; title_prefix_font_size=&#8220;40px&#8220; title_prefix_letter_spacing=&#8220;15px&#8220; title_prefix_line_height=&#8220;0.9em&#8220; custom_margin_tablet=&#8220;&#8220; custom_margin_phone=&#8220;||||false|false&#8220; custom_margin_last_edited=&#8220;on|tablet&#8220; title_prefix_font_size_tablet=&#8220;40px&#8220; title_prefix_font_size_phone=&#8220;20px&#8220; title_prefix_font_size_last_edited=&#8220;on|tablet&#8220; title_prefix_letter_spacing_tablet=&#8220;&#8220; title_prefix_letter_spacing_phone=&#8220;10px&#8220; title_prefix_letter_spacing_last_edited=&#8220;on|phone&#8220; global_colors_info=&#8220;{}&#8220;][\/dizo_image_hover][\/et_pb_column][\/et_pb_row][\/et_pb_section][et_pb_section fb_built=&#8220;1&#8243; _builder_version=&#8220;4.16.0&#8243; _module_preset=&#8220;default&#8220; custom_padding=&#8220;20px||20px||true|false&#8220; global_colors_info=&#8220;{}&#8220;][et_pb_row use_custom_gutter=&#8220;on&#8220; admin_label=&#8220;Buttonrow&#8220; _builder_version=&#8220;4.16&#8243; _module_preset=&#8220;default&#8220; global_colors_info=&#8220;{}&#8220;][et_pb_column type=&#8220;4_4&#8243; _builder_version=&#8220;4.16&#8243; _module_preset=&#8220;default&#8220; global_colors_info=&#8220;{}&#8220;][et_pb_button button_url=&#8220;https:\/\/www.kratz-immo.de\/projekt&#8220; button_text=&#8220;Projekte&#8220; button_alignment=&#8220;right&#8220; button_alignment_tablet=&#8220;right&#8220; button_alignment_phone=&#8220;right&#8220; button_alignment_last_edited=&#8220;on|tablet&#8220; admin_label=&#8220;Button Projekt&#8220; _builder_version=&#8220;4.16.0&#8243; _module_preset=&#8220;default&#8220; custom_button=&#8220;on&#8220; button_border_width=&#8220;0px&#8220; button_border_color=&#8220;RGBA(255,255,255,0)&#8220; button_border_radius=&#8220;0px&#8220; button_letter_spacing=&#8220;3px&#8220; button_icon=&#8220;&#x35;||divi||400&#8243; button_icon_color=&#8220;#000000&#8243; button_on_hover=&#8220;off&#8220; button_text_size_tablet=&#8220;&#8220; button_text_size_phone=&#8220;15px&#8220; button_text_size_last_edited=&#8220;on|desktop&#8220; global_colors_info=&#8220;{}&#8220;][\/et_pb_button][\/et_pb_column][\/et_pb_row][\/et_pb_section][et_pb_section fb_built=&#8220;1&#8243; _builder_version=&#8220;4.16&#8243; _module_preset=&#8220;default&#8220; custom_padding=&#8220;62px|||||&#8220; global_module=&#8220;87&#8243; saved_tabs=&#8220;all&#8220; global_colors_info=&#8220;{}&#8220;][et_pb_row column_structure=&#8220;1_3,1_3,1_3&#8243; _builder_version=&#8220;4.16&#8243; _module_preset=&#8220;default&#8220; global_colors_info=&#8220;{}&#8220;][et_pb_column type=&#8220;1_3&#8243; _builder_version=&#8220;4.16&#8243; _module_preset=&#8220;default&#8220; global_colors_info=&#8220;{}&#8220;][et_pb_text admin_label=&#8220;Kratz Immobilien&#8220; _builder_version=&#8220;4.16.0&#8243; _module_preset=&#8220;default&#8220; custom_margin=&#8220;||0px|||&#8220; custom_padding=&#8220;||||false|false&#8220; global_colors_info=&#8220;{}&#8220;]<\/p>\n<h3>kratz Immobilien<\/h3>\n<p>[\/et_pb_text][et_pb_text admin_label=&#8220;Crevennastr. 3&#8243; _builder_version=&#8220;4.16.0&#8243; _module_preset=&#8220;default&#8220; text_font=&#8220;|300|||||||&#8220; custom_margin=&#8220;||||false|false&#8220; custom_padding=&#8220;||||false|false&#8220; global_colors_info=&#8220;{}&#8220;]<\/p>\n<p>Crevennastr. 3<br \/>97072 W\u00fcrzburg<br \/>T. +49 931 53 726<br \/>M. info@kratz-immo.de<\/p>\n<p>[\/et_pb_text][\/et_pb_column][et_pb_column type=&#8220;1_3&#8243; _builder_version=&#8220;4.16&#8243; _module_preset=&#8220;default&#8220; global_colors_info=&#8220;{}&#8220;][et_pb_text admin_label=&#8220;Impressum&#8220; _builder_version=&#8220;4.16&#8243; _module_preset=&#8220;default&#8220; text_font=&#8220;|300|||||||&#8220; custom_margin=&#8220;||2px||false|false&#8220; custom_padding=&#8220;||||false|false&#8220; link_option_url=&#8220;https:\/\/www.kratz-immo.de\/impressum&#8220; link_option_url_new_window=&#8220;on&#8220; global_colors_info=&#8220;{}&#8220;]<\/p>\n<p>Impressum<\/p>\n<p>[\/et_pb_text][et_pb_text admin_label=&#8220;Datenschutz&#8220; _builder_version=&#8220;4.16&#8243; _module_preset=&#8220;default&#8220; text_font=&#8220;|300|||||||&#8220; custom_margin=&#8220;||||false|false&#8220; custom_padding=&#8220;||||false|false&#8220; link_option_url=&#8220;https:\/\/www.kratz-immo.de\/datenschutz&#8220; link_option_url_new_window=&#8220;on&#8220; global_colors_info=&#8220;{}&#8220;]<\/p>\n<p>Datenschutz<\/p>\n<p>[\/et_pb_text][\/et_pb_column][et_pb_column type=&#8220;1_3&#8243; _builder_version=&#8220;4.16&#8243; _module_preset=&#8220;default&#8220; global_colors_info=&#8220;{}&#8220;][\/et_pb_column][\/et_pb_row][\/et_pb_section]<\/p>\n","protected":false},"excerpt":{"rendered":"<p>BestandsobjekteQualit\u00e4t, Langlebigkeit, Wertbest\u00e4ndigkeit. Viele unserer Bestandsimmobilien erhalten, entwickeln und verwalten wir seit 3 oder gar 4 Generationen. Mit gro\u00dfer Leidenschaft f\u00fcr H\u00e4user, die eine Geschichte erz\u00e4hlen. Handverlesene, attraktive Objekte mit \u00fcberdurchschnittlich guter Ausstattung in erstklassiger Lage. Massive Bauart, solides Fundament, umgeben von einer Infrastruktur, die mit ihren kurzen Wegen nach Komfort und echter Lebensqualit\u00e4t schmeckt.<div class=\"et_pb_module dizo_image_hover dizo_image_hover_0 dizo_bg_img\">\n\t\t\t\t\n\t\t\t\t\n\t\t\t\t\n\t\t\t\t\n\t\t\t\t\n\t\t\t\t\n\t\t\t\t<div class=\"et_pb_module_inner\">\n\t\t\t\t\t<div class=\"dih_container\">\r\n\t\t\t\t<div class = \"dih_img_wrapper default\">\r\n\t\t\t\t\t\r\n\t\t\t\t\t\r\n\t\t\t\t\t\r\n\t\t\t\t\t<div class =\"dih_content_wrapper\">\r\n\t\t\t\t\t\t<div class = \"dih_content\">\r\n\t\t\t\t\t\t\r\n\t\t\t\t\t\t\r\n\t\t\t\t\t\t\r\n\t\t\t\t\t\t<\/div>\r\n\t\t\t\t<\/div>\r\n\t\t\t\t\r\n\t\t\t<\/div>\r\n\t\t\t<\/div>\n\t\t\t\t<\/div>\n\t\t\t<\/div><\/p>","protected":false},"author":1,"featured_media":0,"parent":0,"menu_order":0,"comment_status":"closed","ping_status":"closed","template":"","meta":{"_et_pb_use_builder":"on","_et_pb_old_content":"<!-- wp:divi\/placeholder \/-->","_et_gb_content_width":"","footnotes":""},"class_list":["post-126","page","type-page","status-publish","hentry"],"_links":{"self":[{"href":"https:\/\/www.kratz-immo.de\/en\/wp-json\/wp\/v2\/pages\/126","targetHints":{"allow":["GET"]}}],"collection":[{"href":"https:\/\/www.kratz-immo.de\/en\/wp-json\/wp\/v2\/pages"}],"about":[{"href":"https:\/\/www.kratz-immo.de\/en\/wp-json\/wp\/v2\/types\/page"}],"author":[{"embeddable":true,"href":"https:\/\/www.kratz-immo.de\/en\/wp-json\/wp\/v2\/users\/1"}],"replies":[{"embeddable":true,"href":"https:\/\/www.kratz-immo.de\/en\/wp-json\/wp\/v2\/comments?post=126"}],"version-history":[{"count":0,"href":"https:\/\/www.kratz-immo.de\/en\/wp-json\/wp\/v2\/pages\/126\/revisions"}],"wp:attachment":[{"href":"https:\/\/www.kratz-immo.de\/en\/wp-json\/wp\/v2\/media?parent=126"}],"curies":[{"name":"wp","href":"https:\/\/api.w.org\/{rel}","templated":true}]}}